{"id":32,"date":"2025-01-31T08:17:17","date_gmt":"2025-01-31T14:17:17","guid":{"rendered":"https:\/\/euro.setorreciclagem.com.br\/?page_id=32"},"modified":"2025-02-01T11:03:47","modified_gmt":"2025-02-01T17:03:47","slug":"about-us","status":"publish","type":"page","link":"https:\/\/euro.setorreciclagem.com.br\/it\/about-us\/","title":{"rendered":"Chi siamo"},"content":{"rendered":"<p>Benvenuti in Euro Sector!<\/p>\n\n\n\n<p>In Euro Sector crediamo che la bellezza risieda nelle piccole cose e nella semplicit\u00e0 della vita quotidiana. La nostra piattaforma \u00e8 nata dalla passione per l'esplorazione del mondo dell'arte e della sostenibilit\u00e0, portando consigli e ispirazioni per tutti, per scoprire e valorizzare la propria essenza creativa.<\/p>\n\n\n\n<h3 class=\"wp-block-heading\">La nostra missione<\/h3>\n\n\n\n<p>La nostra missione \u00e8 condividere conoscenze e tendenze sull'arte sostenibile, la creativit\u00e0 e il riciclaggio. Puntiamo a responsabilizzare individui di tutte le et\u00e0, aiutandoli a trovare fiducia ed equilibrio attraverso pratiche artistiche eco-compatibili, valorizzando sempre la naturalezza e l'autenticit\u00e0.<\/p>\n\n\n\n<h3 class=\"wp-block-heading\">Cosa facciamo<\/h3>\n\n\n\n<p>Qui a Euro Sector offriamo contenuti diversificati che includono progetti artistici di riciclo fai-da-te, tecniche artistiche sostenibili, aggiornamenti sul mondo dell'ecoarte e molto altro ancora. Ogni articolo \u00e8 pensato per essere utile, pratico e stimolante, con l'obiettivo di migliorare la vostra espressione artistica unica e di promuovere la responsabilit\u00e0 ambientale.<\/p>\n\n\n\n<h3 class=\"wp-block-heading\">La nostra visione<\/h3>\n\n\n\n<p>Crediamo che l'arte vada oltre l'estetica: \u00e8 nel modo in cui creiamo, percepiamo noi stessi e ci connettiamo con il mondo che ci circonda. La nostra visione \u00e8 quella di creare uno spazio in cui artisti e persone attente all'ambiente possano imparare, ispirarsi e sentirsi pi\u00f9 sicuri nell'affrontare le sfide quotidiane con creativit\u00e0 e sostenibilit\u00e0.<\/p>\n\n\n\n<h3 class=\"wp-block-heading\">Unisciti a noi<\/h3>\n\n\n\n<p>Vi invitiamo a esplorare la nostra piattaforma, a scoprire nuovi suggerimenti artistici sostenibili e ad abbracciare la semplicit\u00e0 come via per l'espressione artistica. Se state cercando di imparare una nuova tecnica artistica di riciclo, di scoprire prodotti ecologici o semplicemente di ispirarvi, Euro Sector \u00e8 il posto giusto per voi.<\/p>\n\n\n\n<p>Scoprite l'arte della sostenibilit\u00e0 nella semplicit\u00e0 delle cose!<\/p>\n\n\n\n<hr class=\"wp-block-separator has-alpha-channel-opacity\"\/>\n\n\n\n<p><strong>Informazioni di contatto<\/strong><\/p>\n\n\n\n<p>Se avete domande o desiderate mettervi in contatto con noi, non esitate a contattarci a <a href=\"mailto:contato@setorreciclagem.com.br\">contato@setorreciclagem.com.br<\/a>.<\/p>\n\n\n\n<p><strong>Ultimo aggiornamento:<\/strong> 19 novembre 2024<\/p>","protected":false},"excerpt":{"rendered":"<p>Benvenuti in Euro Sector! In Euro Sector crediamo che la bellezza risieda nelle piccole cose e nella semplicit\u00e0 della vita quotidiana. La nostra piattaforma nasce dalla passione per l'esplorazione del mondo dell'arte e della sostenibilit\u00e0, portando consigli e ispirazioni per tutti, per scoprire e valorizzare la propria essenza creativa. La nostra missione La nostra missione [...]<\/p>","protected":false},"author":4,"featured_media":67,"parent":0,"menu_order":0,"comment_status":"closed","ping_status":"closed","template":"","meta":{"footnotes":""},"class_list":["post-32","page","type-page","status-publish","has-post-thumbnail","hentry"],"blocksy_meta":[],"_links":{"self":[{"href":"https:\/\/euro.setorreciclagem.com.br\/it\/wp-json\/wp\/v2\/pages\/32","targetHints":{"allow":["GET"]}}],"collection":[{"href":"https:\/\/euro.setorreciclagem.com.br\/it\/wp-json\/wp\/v2\/pages"}],"about":[{"href":"https:\/\/euro.setorreciclagem.com.br\/it\/wp-json\/wp\/v2\/types\/page"}],"author":[{"embeddable":true,"href":"https:\/\/euro.setorreciclagem.com.br\/it\/wp-json\/wp\/v2\/users\/4"}],"replies":[{"embeddable":true,"href":"https:\/\/euro.setorreciclagem.com.br\/it\/wp-json\/wp\/v2\/comments?post=32"}],"version-history":[{"count":2,"href":"https:\/\/euro.setorreciclagem.com.br\/it\/wp-json\/wp\/v2\/pages\/32\/revisions"}],"predecessor-version":[{"id":65,"href":"https:\/\/euro.setorreciclagem.com.br\/it\/wp-json\/wp\/v2\/pages\/32\/revisions\/65"}],"wp:featuredmedia":[{"embeddable":true,"href":"https:\/\/euro.setorreciclagem.com.br\/it\/wp-json\/wp\/v2\/media\/67"}],"wp:attachment":[{"href":"https:\/\/euro.setorreciclagem.com.br\/it\/wp-json\/wp\/v2\/media?parent=32"}],"curies":[{"name":"wp","href":"https:\/\/api.w.org\/{rel}","templated":true}]}}